{"id":98,"date":"2014-10-24T23:30:20","date_gmt":"2014-10-24T21:30:20","guid":{"rendered":"http:\/\/lafabriquedeloubli.noblogs.org\/?page_id=98"},"modified":"2016-02-25T17:40:06","modified_gmt":"2016-02-25T16:40:06","slug":"nucleaire-la-fabrique-de-loubli-presentation","status":"publish","type":"page","link":"https:\/\/lafabriquedeloubli.noblogs.org\/?page_id=98","title":{"rendered":"Pr\u00e9sentation"},"content":{"rendered":"<p><a href=\"https:\/\/lafabriquedeloubli.noblogs.org\/files\/2014\/10\/Pre\u0301sentation-e\u0301pisodes-OK.jpg\"><img loading=\"lazy\" decoding=\"async\" class=\"size-large wp-image-307\" src=\"https:\/\/lafabriquedeloubli.noblogs.org\/files\/2014\/10\/Pre\u0301sentation-e\u0301pisodes-OK-722x1024.jpg\" alt=\"Pre\u0301sentation e\u0301pisodes OK\" width=\"640\" height=\"908\" srcset=\"https:\/\/lafabriquedeloubli.noblogs.org\/files\/2014\/10\/Pre\u0301sentation-e\u0301pisodes-OK-722x1024.jpg 722w, https:\/\/lafabriquedeloubli.noblogs.org\/files\/2014\/10\/Pre\u0301sentation-e\u0301pisodes-OK-211x300.jpg 211w, https:\/\/lafabriquedeloubli.noblogs.org\/files\/2014\/10\/Pre\u0301sentation-e\u0301pisodes-OK.jpg 1831w\" sizes=\"auto, (max-width: 640px) 100vw, 640px\" \/><\/a><\/p>\n<table style=\"height: 5px\" width=\"5\">\n<tbody>\n<tr>\n<td>\n<p style=\"text-align: center\">Lien vers le g\u00e9n\u00e9rique des \u00e9missions :<\/p>\n<p style=\"text-align: center\"><a href=\"https:\/\/archive.org\/details\/GeneriqueNucleaireLaFabriqueDeLOubli\">https:\/\/archive.org\/details\/GeneriqueNucleaireLaFabriqueDeLOubli<\/a><\/p>\n<\/td>\n<\/tr>\n<\/tbody>\n<\/table>\n<p><span style=\"color: #07253d\"><em>\u00ab\u00a0Le nucl\u00e9aire est une chose trop s\u00e9rieuse pour l\u2019abandonner aux sp\u00e9cialistes et aux experts.\u00a0\u00bb\u00a0 <\/em>Jean-Jacques Delfour, <em>La condition nucl\u00e9aire, R\u00e9flexions sur la situation atomique de l\u2019humanit\u00e9<\/em>, L\u2019\u00c9chapp\u00e9e, 2014.<\/span><\/p>\n<p><span style=\"color: #07253d\">\u00c0 la fin de la seconde guerre mondiale, les ravages de deux bombes atomiques s\u2019abattaient sur le Japon. Soixante-dix ans plus tard, le 11 mars 2011, apr\u00e8s un tremblement de terre suivi d\u2019un tsunami, la centrale nucl\u00e9aire Fukushima Daiichi, irradiait l\u2019archipel nippon et contaminait terres, b\u00eates et hommes. L\u2019\u00e9nergie atomique d\u00e9velopp\u00e9e dans la seconde moiti\u00e9 du XX \u00e8me si\u00e8cle, l\u2019 \u00ab\u00a0atome pour la paix\u00a0\u00bb, montrait de nouveau sa puissance d\u00e9vastatrice.<\/span><\/p>\n<p><span style=\"color: #07253d\">Comment cette technologie mortif\u00e8re a pu \u00eatre impos\u00e9e au monde\u00a0?<\/span><\/p>\n<p><span style=\"color: #07253d\">Dans les jours qui suivirent l\u2019accident de la centrale de Fukushima Da\u00efchi, la surench\u00e8re m\u00e9diatique venait combler l\u2019abyme qui se creusait sous nos yeux. Et puis, tr\u00e8s vite, comme toujours, au milieu du flot continu des nouvelles, le drame japonais est devenu obsol\u00e8te pour n\u2019appara\u00eetre que de temps en temps, lors de comm\u00e9morations telle une curiosit\u00e9, un champ d\u2019exp\u00e9rimentation post-accidentel. Au deuil a succ\u00e9d\u00e9 la gestion, l\u2019expertise, la stabilit\u00e9 \u00e9conomique, l\u2019ordre et le contr\u00f4le. Apr\u00e8s un l\u00e9ger vacillement, on aurait pu croire \u00e0 un sursaut salvateur, une remise en cause de cette source d\u2019\u00e9nergie, devant ces ruines. La vie a repris son cours dans une amertume inconsol\u00e9e, inconsolable. Il valait mieux oublier.<\/span><\/p>\n<p><span style=\"color: #07253d\">Certains n\u2019oublient pas et ont rendu compte de la vie sous l\u2019emprise nucl\u00e9aire. En 2012 est paru <em>Oublier Fukushima<\/em>, d\u2019un certain Arkadi Filine, nom choisi par ses co-auteurs en r\u00e9f\u00e9rence \u00e0 un liquidateur de Tchernobyl rencontr\u00e9 par Svetlana Alexievitch en 1996. Cette journaliste russe qui a recueilli de nombreux t\u00e9moignages sur la catastrophe de Tchernobyl du 26 avril 1986 a \u00e9crit <em>La Supplication, chronique du monde apr\u00e8s l\u2019apocalypse<\/em>. La lecture de ces deux ouvrages est \u00e0 l\u2019origine de ce projet sonore. Le besoin de comprendre ce qui se rejouait 25 ans apr\u00e8s Tchernobyl s\u2019est dessin\u00e9 progressivement. Un groupe de personnes s\u2019est constitu\u00e9 et nous avons voulu partager le cheminement de nos r\u00e9flexions au gr\u00e9 de nos lectures, de nos recherches et de nos rencontres, par un document sonore qui privil\u00e9gierait une approche sensible. Le m\u00e9dia radiophonique nous paraissait important pour prendre le recul suffisant face \u00e0 l\u2019abondance d\u2019images, du spectacle t\u00e9l\u00e9visuel et de ses discours convenus. Il permettait aussi de mettre en valeur des textes aussi divers que des analyses historiques, des t\u00e9moignages, des approches scientifiques, politiques ou philosophiques. La n\u00e9cessit\u00e9 d\u2019\u00e9laborer une pens\u00e9e critique collectivement \u00e9tait une des mani\u00e8res d\u2019\u00e9chapper \u00e0 l\u2019h\u00e9b\u00e9tude de notre temps. Nous avons appris en faisant, \u00e0 plusieurs, nous avons, lu, discut\u00e9, \u00e9crit, enregistr\u00e9, mont\u00e9. Nous avons d\u00e9roul\u00e9 un fil, celui de la soci\u00e9t\u00e9 nucl\u00e9aire qui par son omnipr\u00e9sence se fait oublier.<\/span><\/p>\n<p><span style=\"color: #07253d\">Apr\u00e8s trois ans de travail, nous avons abouti \u00e0 une quinzaine d\u2019\u00e9pisodes de quarante minutes. D\u00e8s le d\u00e9part, nous souhaitions que ces documents soient diffus\u00e9s \u00e0 la radio, que n\u2019importe qui puisse tomber dessus en tournant le bouton du poste. Un blog a \u00e9t\u00e9 cr\u00e9\u00e9 pour que cette s\u00e9rie circule et nous \u00e9chappe. Tous les \u00e9pisodes sont maintenant disponibles ici-m\u00eame.<br \/>\n<\/span><\/p>\n<p><span style=\"color: #07253d\">Donner \u00e0 entendre des textes pour d\u00e9construire la soci\u00e9t\u00e9 nucl\u00e9aire et ne laisser alors appara\u00eetre que ses oripeaux. Prendre le temps d\u2019\u00e9couter des t\u00e9moignages, des analyses, des archives sans tomber dans un verbiage militant, moralisateur ou catastrophiste. Partir du n\u0153ud des catastrophes pour d\u00e9rouler le fil du d\u00e9sastre au quotidien\u00a0: de l\u2019extraction de l\u2019uranium \u00e0 la gestion mill\u00e9naire des d\u00e9chets, des vies jetables des travailleurs du nucl\u00e9aire \u00e0 l\u2019acceptation des populations. D\u00e9monter petit \u00e0 petit les rouages de la soci\u00e9t\u00e9 nucl\u00e9aire, notre fa\u00e7on de nous en accommoder et l\u2019emprise qu\u2019elle a sur nos vies. Capter les voix dissonantes qui se sont \u00e9lev\u00e9es face cette \u00e9nergie funeste, de la course \u00e0 l\u2019armement nucl\u00e9aire jusqu\u2019au projet prom\u00e9th\u00e9en d\u2019ITER. Comprendre enfin que le nucl\u00e9aire n\u2019est que le paroxysme du capitalisme et d\u2019une soci\u00e9t\u00e9 industrielle forcen\u00e9s, syst\u00e8me zombie qui d\u00e9vore tout sur son passage.<\/span><\/p>\n<p><span style=\"color: #07253d\">Pour rassurer des populations prises dans des injonctions contradictoires, la novlangue permet tout et son contraire, dans une \u00e9poque de somnolence berc\u00e9e par le ronronnement de la \u00ab\u00a0transition \u00e9nerg\u00e9tique\u00a0\u00bb et autres \u00ab\u00a0smart city\u00a0\u00bb. L\u00e0 o\u00f9 certains cherchent \u00e0 nous vendre de nouvelles prouesses technologiques, un r\u00eave futuriste, de nouvelles utopies, nous ne voyons qu\u2019illusions et sombres lendemains. La consommation mondiale de charbon n\u2019a jamais \u00e9t\u00e9 aussi \u00e9lev\u00e9e qu\u2019en 2012 m\u00eame si son usage d\u00e9croit par rapport au d\u00e9veloppement d\u2019autres sources d\u2019\u00e9nergie. \u00ab\u00a0La mauvaise nouvelle est que si l\u2019histoire nous apprend bien une chose, c\u2019est qu\u2019il n\u2019y a en fait jamais eu de transition \u00e9nerg\u00e9tique. On ne passe pas du bois au charbon, puis du charbon au p\u00e9trole, puis du p\u00e9trole au nucl\u00e9aire. L\u2019histoire de l\u2019\u00e9nergie n\u2019est pas celle des transitions mais celle des additions successives de nouvelles sources d\u2019\u00e9nergie primaire.\u00a0\u00bb<a style=\"color: #07253d\" href=\"#_ftn1\" name=\"_ftnref1\">[1]<\/a> Quand les champs d\u2019\u00e9oliennes balaieront des territoires entiers, la production nucl\u00e9aire baissera-t-elle pour autant\u00a0? Aux vues des programmes nucl\u00e9aires chinois, indien ou turc, on en doute. Les projets d\u2019enfouissement des d\u00e9chets radioactifs \u00e0 vie longue pr\u00e9vus en France, en Belgique, en Allemagne ou encore au Japon ne sont pas le signe d\u2019un arr\u00eat de la fili\u00e8re mais bien de sa perp\u00e9tuation.<\/span><\/p>\n<p><span style=\"color: #07253d\">Depuis longtemps d\u00e9j\u00e0, la politique teint\u00e9e de vert para\u00eet compl\u00e8tement schizophr\u00e8ne, nous amenant \u00e0 introjecter une culpabilit\u00e9 individuelle pour des choix qui ne sont pas les n\u00f4tres, pr\u00f4nant une vie saine par des gestes \u00e9cologiques et citoyens dans un environnement qui tue par la pollution, l\u2019emploi des hommes \u00e0 des activit\u00e9s ali\u00e9nantes, la qu\u00eate de la rapidit\u00e9 et le mythe de l\u2019abondance infinie\u2026 Yoga et smartphones sur un tas d\u2019ordures et de chagrin.<\/span><\/p>\n<p><span style=\"color: #07253d\">Face \u00e0 cet avenir radieux, des foyers de r\u00e9sistance s\u2019inventent et s\u2019organisent\u00a0: de l\u2019isthme de Tehuantepec au Mexique \u00e0 Saint-Victor-et-Melvieu en Aveyron, du Val Susa \u00e0 la fronti\u00e8re transalpine \u00e0 Notre-Dame-des-Landes, de Bure dans la Meuse \u00e0 Ja\u00eftapur en Inde. L\u00e0 et ailleurs, s\u2019esquissent d\u2019autres imaginaires pour nos vies.<\/span><\/p>\n<p><span style=\"color: #07253d\"><a style=\"color: #07253d\" href=\"#_ftnref1\" name=\"_ftn1\">[1]<\/a> Christophe Bonneuil et Jean-Baptiste Fressoz, <em>L\u2019\u00e9v\u00e9nement anthropoc\u00e8ne<\/em>, \u00c9ditions du Seuil, Paris, 2013.<\/span><\/p>\n<p style=\"text-align: center\"><span style=\"color: #07253d\">pour nous \u00e9crire :<\/span><\/p>\n<p style=\"text-align: center\"><span style=\"color: #800000\"><strong><a href=\"mailto:lafabriquedeloubli@riseup.net\">lafabriquedeloubli@riseup.net<\/a><\/strong><\/span><\/p>\n","protected":false},"excerpt":{"rendered":"<p>Lien vers le g\u00e9n\u00e9rique des \u00e9missions : https:\/\/archive.org\/details\/GeneriqueNucleaireLaFabriqueDeLOubli \u00ab\u00a0Le nucl\u00e9aire est une chose trop s\u00e9rieuse pour l\u2019abandonner aux sp\u00e9cialistes et aux experts.\u00a0\u00bb\u00a0 Jean-Jacques Delfour, La condition nucl\u00e9aire, R\u00e9flexions sur la situation atomique de l\u2019humanit\u00e9, L\u2019\u00c9chapp\u00e9e, 2014. \u00c0 la fin de &hellip; <a href=\"https:\/\/lafabriquedeloubli.noblogs.org\/?page_id=98\">Continuer la lecture <span class=\"meta-nav\">&rarr;<\/span><\/a><\/p>\n","protected":false},"author":8310,"featured_media":0,"parent":0,"menu_order":0,"comment_status":"open","ping_status":"closed","template":"onecolumn-page.php","meta":{"footnotes":""},"class_list":["post-98","page","type-page","status-publish","hentry"],"_links":{"self":[{"href":"https:\/\/lafabriquedeloubli.noblogs.org\/index.php?rest_route=\/wp\/v2\/pages\/98","targetHints":{"allow":["GET"]}}],"collection":[{"href":"https:\/\/lafabriquedeloubli.noblogs.org\/index.php?rest_route=\/wp\/v2\/pages"}],"about":[{"href":"https:\/\/lafabriquedeloubli.noblogs.org\/index.php?rest_route=\/wp\/v2\/types\/page"}],"author":[{"embeddable":true,"href":"https:\/\/lafabriquedeloubli.noblogs.org\/index.php?rest_route=\/wp\/v2\/users\/8310"}],"replies":[{"embeddable":true,"href":"https:\/\/lafabriquedeloubli.noblogs.org\/index.php?rest_route=%2Fwp%2Fv2%2Fcomments&post=98"}],"version-history":[{"count":24,"href":"https:\/\/lafabriquedeloubli.noblogs.org\/index.php?rest_route=\/wp\/v2\/pages\/98\/revisions"}],"predecessor-version":[{"id":315,"href":"https:\/\/lafabriquedeloubli.noblogs.org\/index.php?rest_route=\/wp\/v2\/pages\/98\/revisions\/315"}],"wp:attachment":[{"href":"https:\/\/lafabriquedeloubli.noblogs.org\/index.php?rest_route=%2Fwp%2Fv2%2Fmedia&parent=98"}],"curies":[{"name":"wp","href":"https:\/\/api.w.org\/{rel}","templated":true}]}}